{"id":16969,"date":"2024-12-29T06:40:21","date_gmt":"2024-12-29T06:40:21","guid":{"rendered":"https:\/\/abufarhamedical.com\/?page_id=16969"},"modified":"2025-01-06T12:41:29","modified_gmt":"2025-01-06T12:41:29","slug":"services","status":"publish","type":"page","link":"https:\/\/abufarhamedical.com\/fr\/services\/","title":{"rendered":"Services"},"content":{"rendered":"<div data-elementor-type=\"wp-page\" data-elementor-id=\"16969\" class=\"elementor elementor-16969\" data-elementor-post-type=\"page\">\n\t\t\t\t<div class=\"wd-negative-gap elementor-element elementor-element-0d89b07 e-flex e-con-boxed e-con e-parent\" data-id=\"0d89b07\" data-element_type=\"container\">\n\t\t\t\t\t<div class=\"e-con-inner\">\n\t\t\t\t<div class=\"elementor-element elementor-element-cec2013 wd-width-100 elementor-widget elementor-widget-wd_title\" data-id=\"cec2013\" data-element_type=\"widget\" data-widget_type=\"wd_title.default\">\n\t\t\t\t<div class=\"elementor-widget-container\">\n\t\t\t\t\t\t\t<div class=\"title-wrapper set-mb-s reset-last-child wd-title-color-primary wd-title-style-underlined wd-title-size-medium text-center\">\n\n\t\t\t\t\t\t\t<div class=\"title-subtitle subtitle-color-primary subtitle-style-default wd-fontsize-xs\">\n\t\t\t\t\tNos services\t\t\t\t<\/div>\n\t\t\t\n\t\t\t<div class=\"liner-continer\">\n\t\t\t\t<h4 class=\"woodmart-title-container title wd-fontsize-xl\">Des services complets d'\u00e9quipement m\u00e9dical pour vos besoins en mati\u00e8re de soins de sant\u00e9<\/h4> \n\t\t\t\t\t\t\t<\/div>\n\n\t\t\t\t\t<\/div>\n\t\t\t\t\t\t<\/div>\n\t\t\t\t<\/div>\n\t\t\t\t\t<\/div>\n\t\t\t\t<\/div>\n\t\t<div class=\"wd-negative-gap elementor-element elementor-element-f14fb82 e-flex e-con-boxed e-con e-parent\" data-id=\"f14fb82\" data-element_type=\"container\">\n\t\t\t\t\t<div class=\"e-con-inner\">\n\t\t<div class=\"elementor-element elementor-element-1e9063c e-con-full e-flex e-con e-child\" data-id=\"1e9063c\" data-element_type=\"container\" data-settings=\"{&quot;background_background&quot;:&quot;classic&quot;}\">\n\t\t\t\t<div class=\"elementor-element elementor-element-91078fa elementor-position-left elementor-position-left elementor-vertical-align-middle elementor-widget elementor-widget-image-box\" data-id=\"91078fa\" data-element_type=\"widget\" data-widget_type=\"image-box.default\">\n\t\t\t\t<div class=\"elementor-widget-container\">\n\t\t\t\t\t<div class=\"elementor-image-box-wrapper\"><figure class=\"elementor-image-box-img\"><img fetchpriority=\"high\" decoding=\"async\" width=\"512\" height=\"512\" src=\"https:\/\/abufarhamedical.com\/wp-content\/uploads\/2024\/12\/medical-equipment-1.png\" class=\"attachment-full size-full wp-image-16971\" alt=\"\" srcset=\"https:\/\/abufarhamedical.com\/wp-content\/uploads\/2024\/12\/medical-equipment-1.png 512w, https:\/\/abufarhamedical.com\/wp-content\/uploads\/2024\/12\/medical-equipment-1-150x150.png 150w, https:\/\/abufarhamedical.com\/wp-content\/uploads\/2024\/12\/medical-equipment-1-300x300.png 300w, https:\/\/abufarhamedical.com\/wp-content\/uploads\/2024\/12\/medical-equipment-1-430x430.png 430w\" sizes=\"(max-width: 512px) 100vw, 512px\" \/><\/figure><div class=\"elementor-image-box-content\"><h3 class=\"elementor-image-box-title\">Vente de mat\u00e9riel m\u00e9dical<\/h3><p class=\"elementor-image-box-description\">Nous sommes sp\u00e9cialis\u00e9s dans la fourniture d'\u00e9quipements m\u00e9dicaux de haute qualit\u00e9, notamment des laboratoires de cath\u00e9t\u00e9risme angio, des tomodensitom\u00e8tres, des appareils d'IRM, etc.<\/p><\/div><\/div>\t\t\t\t<\/div>\n\t\t\t\t<\/div>\n\t\t\t\t<\/div>\n\t\t<div class=\"elementor-element elementor-element-8a2234b e-con-full e-flex e-con e-child\" data-id=\"8a2234b\" data-element_type=\"container\" data-settings=\"{&quot;background_background&quot;:&quot;classic&quot;}\">\n\t\t\t\t<div class=\"elementor-element elementor-element-1eadb74 elementor-position-left elementor-vertical-align-middle elementor-widget elementor-widget-image-box\" data-id=\"1eadb74\" data-element_type=\"widget\" data-widget_type=\"image-box.default\">\n\t\t\t\t<div class=\"elementor-widget-container\">\n\t\t\t\t\t<div class=\"elementor-image-box-wrapper\"><figure class=\"elementor-image-box-img\"><img decoding=\"async\" width=\"800\" height=\"600\" src=\"https:\/\/abufarhamedical.com\/wp-content\/uploads\/2024\/12\/turnkey.png\" class=\"attachment-full size-full wp-image-16972\" alt=\"\" srcset=\"https:\/\/abufarhamedical.com\/wp-content\/uploads\/2024\/12\/turnkey.png 800w, https:\/\/abufarhamedical.com\/wp-content\/uploads\/2024\/12\/turnkey-400x300.png 400w, https:\/\/abufarhamedical.com\/wp-content\/uploads\/2024\/12\/turnkey-768x576.png 768w, https:\/\/abufarhamedical.com\/wp-content\/uploads\/2024\/12\/turnkey-700x525.png 700w, https:\/\/abufarhamedical.com\/wp-content\/uploads\/2024\/12\/turnkey-150x113.png 150w\" sizes=\"(max-width: 800px) 100vw, 800px\" \/><\/figure><div class=\"elementor-image-box-content\"><h3 class=\"elementor-image-box-title\">Solutions de sant\u00e9 cl\u00e9s en main<\/h3><p class=\"elementor-image-box-description\">Nos solutions cl\u00e9s en main offrent des services d'installation complets pour les \u00e9tablissements de sant\u00e9, en mettant l'accent sur l'\u00e9quipement m\u00e9dical sans impliquer de travaux de construction. De la planification \u00e0 l'approvisionnement en mat\u00e9riel, en passant par l'installation et la formation, nous nous occupons de tous les d\u00e9tails pour garantir un fonctionnement sans faille.\n\n<\/p><\/div><\/div>\t\t\t\t<\/div>\n\t\t\t\t<\/div>\n\t\t\t\t<\/div>\n\t\t\t\t\t<\/div>\n\t\t\t\t<\/div>\n\t\t<div class=\"wd-negative-gap elementor-element elementor-element-d55ac98 e-flex e-con-boxed e-con e-parent\" data-id=\"d55ac98\" data-element_type=\"container\">\n\t\t\t\t\t<div class=\"e-con-inner\">\n\t\t<div class=\"elementor-element elementor-element-0f7e173 e-con-full e-flex e-con e-child\" data-id=\"0f7e173\" data-element_type=\"container\" data-settings=\"{&quot;background_background&quot;:&quot;classic&quot;}\">\n\t\t\t\t<div class=\"elementor-element elementor-element-055135b elementor-position-left elementor-vertical-align-middle elementor-widget elementor-widget-image-box\" data-id=\"055135b\" data-element_type=\"widget\" data-widget_type=\"image-box.default\">\n\t\t\t\t<div class=\"elementor-widget-container\">\n\t\t\t\t\t<div class=\"elementor-image-box-wrapper\"><figure class=\"elementor-image-box-img\"><img decoding=\"async\" width=\"512\" height=\"512\" src=\"https:\/\/abufarhamedical.com\/wp-content\/uploads\/2024\/12\/maintenance.png\" class=\"attachment-full size-full wp-image-16973\" alt=\"\" srcset=\"https:\/\/abufarhamedical.com\/wp-content\/uploads\/2024\/12\/maintenance.png 512w, https:\/\/abufarhamedical.com\/wp-content\/uploads\/2024\/12\/maintenance-150x150.png 150w, https:\/\/abufarhamedical.com\/wp-content\/uploads\/2024\/12\/maintenance-300x300.png 300w, https:\/\/abufarhamedical.com\/wp-content\/uploads\/2024\/12\/maintenance-430x430.png 430w\" sizes=\"(max-width: 512px) 100vw, 512px\" \/><\/figure><div class=\"elementor-image-box-content\"><h3 class=\"elementor-image-box-title\">Services d'entretien et de r\u00e9paration<\/h3><p class=\"elementor-image-box-description\">Maintenez votre \u00e9quipement en parfait \u00e9tat gr\u00e2ce \u00e0 nos services experts de maintenance et de r\u00e9paration. Nos techniciens qualifi\u00e9s fournissent une assistance rapide et fiable afin de minimiser les temps d'arr\u00eat et de garantir des performances constantes.<\/p><\/div><\/div>\t\t\t\t<\/div>\n\t\t\t\t<\/div>\n\t\t\t\t<\/div>\n\t\t<div class=\"elementor-element elementor-element-5b0ac2a e-con-full e-flex e-con e-child\" data-id=\"5b0ac2a\" data-element_type=\"container\" data-settings=\"{&quot;background_background&quot;:&quot;classic&quot;}\">\n\t\t\t\t<div class=\"elementor-element elementor-element-059feab elementor-position-left elementor-vertical-align-middle elementor-widget elementor-widget-image-box\" data-id=\"059feab\" data-element_type=\"widget\" data-widget_type=\"image-box.default\">\n\t\t\t\t<div class=\"elementor-widget-container\">\n\t\t\t\t\t<div class=\"elementor-image-box-wrapper\"><figure class=\"elementor-image-box-img\"><img loading=\"lazy\" decoding=\"async\" width=\"512\" height=\"512\" src=\"https:\/\/abufarhamedical.com\/wp-content\/uploads\/2024\/12\/easy-installation.png\" class=\"attachment-full size-full wp-image-16974\" alt=\"\" srcset=\"https:\/\/abufarhamedical.com\/wp-content\/uploads\/2024\/12\/easy-installation.png 512w, https:\/\/abufarhamedical.com\/wp-content\/uploads\/2024\/12\/easy-installation-150x150.png 150w, https:\/\/abufarhamedical.com\/wp-content\/uploads\/2024\/12\/easy-installation-300x300.png 300w, https:\/\/abufarhamedical.com\/wp-content\/uploads\/2024\/12\/easy-installation-430x430.png 430w\" sizes=\"(max-width: 512px) 100vw, 512px\" \/><\/figure><div class=\"elementor-image-box-content\"><h3 class=\"elementor-image-box-title\">Installation et configuration<\/h3><p class=\"elementor-image-box-description\">Nous proposons une installation et une configuration professionnelles pour tous les \u00e9quipements m\u00e9dicaux achet\u00e9s chez nous. Notre \u00e9quipe s'assure que vos appareils sont correctement install\u00e9s, calibr\u00e9s et pr\u00eats \u00e0 \u00eatre utilis\u00e9s imm\u00e9diatement.<\/p><\/div><\/div>\t\t\t\t<\/div>\n\t\t\t\t<\/div>\n\t\t\t\t<\/div>\n\t\t\t\t\t<\/div>\n\t\t\t\t<\/div>\n\t\t<div class=\"wd-negative-gap elementor-element elementor-element-f68e85a e-flex e-con-boxed e-con e-parent\" data-id=\"f68e85a\" data-element_type=\"container\">\n\t\t\t\t\t<div class=\"e-con-inner\">\n\t\t<div class=\"elementor-element elementor-element-37f962c e-con-full e-flex e-con e-child\" data-id=\"37f962c\" data-element_type=\"container\" data-settings=\"{&quot;background_background&quot;:&quot;classic&quot;}\">\n\t\t\t\t<div class=\"elementor-element elementor-element-b76face elementor-position-left elementor-vertical-align-middle elementor-widget elementor-widget-image-box\" data-id=\"b76face\" data-element_type=\"widget\" data-widget_type=\"image-box.default\">\n\t\t\t\t<div class=\"elementor-widget-container\">\n\t\t\t\t\t<div class=\"elementor-image-box-wrapper\"><figure class=\"elementor-image-box-img\"><img loading=\"lazy\" decoding=\"async\" width=\"512\" height=\"512\" src=\"https:\/\/abufarhamedical.com\/wp-content\/uploads\/2024\/12\/equipment.png\" class=\"attachment-full size-full wp-image-16975\" alt=\"\" srcset=\"https:\/\/abufarhamedical.com\/wp-content\/uploads\/2024\/12\/equipment.png 512w, https:\/\/abufarhamedical.com\/wp-content\/uploads\/2024\/12\/equipment-150x150.png 150w, https:\/\/abufarhamedical.com\/wp-content\/uploads\/2024\/12\/equipment-300x300.png 300w, https:\/\/abufarhamedical.com\/wp-content\/uploads\/2024\/12\/equipment-430x430.png 430w\" sizes=\"(max-width: 512px) 100vw, 512px\" \/><\/figure><div class=\"elementor-image-box-content\"><h3 class=\"elementor-image-box-title\">Personnalisation de l'\u00e9quipement<\/h3><p class=\"elementor-image-box-description\">Adaptez votre \u00e9quipement m\u00e9dical \u00e0 vos besoins sp\u00e9cifiques gr\u00e2ce \u00e0 nos services de personnalisation. Des mises \u00e0 jour logicielles aux modifications mat\u00e9rielles, nous veillons \u00e0 ce que vos appareils r\u00e9pondent \u00e0 vos besoins.<\/p><\/div><\/div>\t\t\t\t<\/div>\n\t\t\t\t<\/div>\n\t\t\t\t<\/div>\n\t\t<div class=\"elementor-element elementor-element-4d3acf9 e-con-full e-flex e-con e-child\" data-id=\"4d3acf9\" data-element_type=\"container\" data-settings=\"{&quot;background_background&quot;:&quot;classic&quot;}\">\n\t\t\t\t<div class=\"elementor-element elementor-element-86543ef elementor-position-left elementor-vertical-align-middle elementor-widget elementor-widget-image-box\" data-id=\"86543ef\" data-element_type=\"widget\" data-widget_type=\"image-box.default\">\n\t\t\t\t<div class=\"elementor-widget-container\">\n\t\t\t\t\t<div class=\"elementor-image-box-wrapper\"><figure class=\"elementor-image-box-img\"><img loading=\"lazy\" decoding=\"async\" width=\"512\" height=\"512\" src=\"https:\/\/abufarhamedical.com\/wp-content\/uploads\/2024\/12\/consultation.png\" class=\"attachment-full size-full wp-image-16976\" alt=\"\" srcset=\"https:\/\/abufarhamedical.com\/wp-content\/uploads\/2024\/12\/consultation.png 512w, https:\/\/abufarhamedical.com\/wp-content\/uploads\/2024\/12\/consultation-150x150.png 150w, https:\/\/abufarhamedical.com\/wp-content\/uploads\/2024\/12\/consultation-300x300.png 300w, https:\/\/abufarhamedical.com\/wp-content\/uploads\/2024\/12\/consultation-430x430.png 430w\" sizes=\"(max-width: 512px) 100vw, 512px\" \/><\/figure><div class=\"elementor-image-box-content\"><h3 class=\"elementor-image-box-title\">Consultation et planification<\/h3><p class=\"elementor-image-box-description\">Vous avez besoin d'aide pour choisir le bon \u00e9quipement ou planifier un \u00e9tablissement de soins de sant\u00e9 ? Nos consultants exp\u00e9riment\u00e9s fournissent des conseils d'experts et des solutions sur mesure pour atteindre efficacement vos objectifs op\u00e9rationnels.<\/p><\/div><\/div>\t\t\t\t<\/div>\n\t\t\t\t<\/div>\n\t\t\t\t<\/div>\n\t\t\t\t\t<\/div>\n\t\t\t\t<\/div>\n\t\t\t\t<\/div>","protected":false},"excerpt":{"rendered":"<p>Our Services Comprehensive Medical Equipment Services for Your Healthcare Needs Sales of Medical Equipment We specialize in providing high-quality medical<\/p>","protected":false},"author":1,"featured_media":0,"parent":0,"menu_order":0,"comment_status":"closed","ping_status":"closed","template":"","meta":{"footnotes":""},"class_list":["post-16969","page","type-page","status-publish","hentry"],"yoast_head":"<!-- This site is optimized with the Yoast SEO Premium plugin v24.0 (Yoast SEO v25.8) - https:\/\/yoast.com\/wordpress\/plugins\/seo\/ -->\n<title>Services - AbuFarha Medical<\/title>\n<meta name=\"robots\" content=\"index, follow, max-snippet:-1, max-image-preview:large, max-video-preview:-1\" \/>\n<link rel=\"canonical\" href=\"https:\/\/abufarhamedical.com\/fr\/services\/\" \/>\n<meta property=\"og:locale\" content=\"fr_FR\" \/>\n<meta property=\"og:type\" content=\"article\" \/>\n<meta property=\"og:title\" content=\"Services\" \/>\n<meta property=\"og:description\" content=\"Our Services Comprehensive Medical Equipment Services for Your Healthcare Needs Sales of Medical Equipment We specialize in providing high-quality medical\" \/>\n<meta property=\"og:url\" content=\"https:\/\/abufarhamedical.com\/fr\/services\/\" \/>\n<meta property=\"og:site_name\" content=\"AbuFarha Medical\" \/>\n<meta property=\"article:modified_time\" content=\"2025-01-06T12:41:29+00:00\" \/>\n<meta property=\"og:image\" content=\"https:\/\/abufarhamedical.com\/wp-content\/uploads\/2024\/12\/medical-equipment-1.png\" \/>\n\t<meta property=\"og:image:width\" content=\"512\" \/>\n\t<meta property=\"og:image:height\" content=\"512\" \/>\n\t<meta property=\"og:image:type\" content=\"image\/png\" \/>\n<meta name=\"twitter:card\" content=\"summary_large_image\" \/>\n<meta name=\"twitter:label1\" content=\"Dur\u00e9e de lecture estim\u00e9e\" \/>\n\t<meta name=\"twitter:data1\" content=\"3 minutes\" \/>\n<script type=\"application\/ld+json\" class=\"yoast-schema-graph\">{\"@context\":\"https:\/\/schema.org\",\"@graph\":[{\"@type\":\"WebPage\",\"@id\":\"https:\/\/abufarhamedical.com\/services\/\",\"url\":\"https:\/\/abufarhamedical.com\/services\/\",\"name\":\"Services - AbuFarha Medical\",\"isPartOf\":{\"@id\":\"https:\/\/abufarhamedical.com\/#website\"},\"primaryImageOfPage\":{\"@id\":\"https:\/\/abufarhamedical.com\/services\/#primaryimage\"},\"image\":{\"@id\":\"https:\/\/abufarhamedical.com\/services\/#primaryimage\"},\"thumbnailUrl\":\"https:\/\/abufarhamedical.com\/wp-content\/uploads\/2024\/12\/medical-equipment-1.png\",\"datePublished\":\"2024-12-29T06:40:21+00:00\",\"dateModified\":\"2025-01-06T12:41:29+00:00\",\"breadcrumb\":{\"@id\":\"https:\/\/abufarhamedical.com\/services\/#breadcrumb\"},\"inLanguage\":\"fr-FR\",\"potentialAction\":[{\"@type\":\"ReadAction\",\"target\":[\"https:\/\/abufarhamedical.com\/services\/\"]}]},{\"@type\":\"ImageObject\",\"inLanguage\":\"fr-FR\",\"@id\":\"https:\/\/abufarhamedical.com\/services\/#primaryimage\",\"url\":\"https:\/\/abufarhamedical.com\/wp-content\/uploads\/2024\/12\/medical-equipment-1.png\",\"contentUrl\":\"https:\/\/abufarhamedical.com\/wp-content\/uploads\/2024\/12\/medical-equipment-1.png\"},{\"@type\":\"BreadcrumbList\",\"@id\":\"https:\/\/abufarhamedical.com\/services\/#breadcrumb\",\"itemListElement\":[{\"@type\":\"ListItem\",\"position\":1,\"name\":\"Home\",\"item\":\"https:\/\/abufarhamedical.com\/\"},{\"@type\":\"ListItem\",\"position\":2,\"name\":\"Services\"}]},{\"@type\":\"WebSite\",\"@id\":\"https:\/\/abufarhamedical.com\/#website\",\"url\":\"https:\/\/abufarhamedical.com\/\",\"name\":\"AbuFarha Medical\",\"description\":\"Refurbished and Used Medical Equipment\",\"publisher\":{\"@id\":\"https:\/\/abufarhamedical.com\/#organization\"},\"potentialAction\":[{\"@type\":\"SearchAction\",\"target\":{\"@type\":\"EntryPoint\",\"urlTemplate\":\"https:\/\/abufarhamedical.com\/?s={search_term_string}\"},\"query-input\":{\"@type\":\"PropertyValueSpecification\",\"valueRequired\":true,\"valueName\":\"search_term_string\"}}],\"inLanguage\":\"fr-FR\"},{\"@type\":\"Organization\",\"@id\":\"https:\/\/abufarhamedical.com\/#organization\",\"name\":\"AbuFarha Medical\",\"url\":\"https:\/\/abufarhamedical.com\/\",\"logo\":{\"@type\":\"ImageObject\",\"inLanguage\":\"fr-FR\",\"@id\":\"https:\/\/abufarhamedical.com\/#\/schema\/logo\/image\/\",\"url\":\"https:\/\/abufarhamedical.com\/wp-content\/uploads\/2024\/12\/abufarha-medical.webp\",\"contentUrl\":\"https:\/\/abufarhamedical.com\/wp-content\/uploads\/2024\/12\/abufarha-medical.webp\",\"width\":858,\"height\":498,\"caption\":\"AbuFarha Medical\"},\"image\":{\"@id\":\"https:\/\/abufarhamedical.com\/#\/schema\/logo\/image\/\"}}]}<\/script>\n<!-- \/ Yoast SEO Premium plugin. -->","yoast_head_json":{"title":"Services - AbuFarha Medical","robots":{"index":"index","follow":"follow","max-snippet":"max-snippet:-1","max-image-preview":"max-image-preview:large","max-video-preview":"max-video-preview:-1"},"canonical":"https:\/\/abufarhamedical.com\/fr\/services\/","og_locale":"fr_FR","og_type":"article","og_title":"Services","og_description":"Our Services Comprehensive Medical Equipment Services for Your Healthcare Needs Sales of Medical Equipment We specialize in providing high-quality medical","og_url":"https:\/\/abufarhamedical.com\/fr\/services\/","og_site_name":"AbuFarha Medical","article_modified_time":"2025-01-06T12:41:29+00:00","og_image":[{"width":512,"height":512,"url":"https:\/\/abufarhamedical.com\/wp-content\/uploads\/2024\/12\/medical-equipment-1.png","type":"image\/png"}],"twitter_card":"summary_large_image","twitter_misc":{"Dur\u00e9e de lecture estim\u00e9e":"3 minutes"},"schema":{"@context":"https:\/\/schema.org","@graph":[{"@type":"WebPage","@id":"https:\/\/abufarhamedical.com\/services\/","url":"https:\/\/abufarhamedical.com\/services\/","name":"Services - AbuFarha Medical","isPartOf":{"@id":"https:\/\/abufarhamedical.com\/#website"},"primaryImageOfPage":{"@id":"https:\/\/abufarhamedical.com\/services\/#primaryimage"},"image":{"@id":"https:\/\/abufarhamedical.com\/services\/#primaryimage"},"thumbnailUrl":"https:\/\/abufarhamedical.com\/wp-content\/uploads\/2024\/12\/medical-equipment-1.png","datePublished":"2024-12-29T06:40:21+00:00","dateModified":"2025-01-06T12:41:29+00:00","breadcrumb":{"@id":"https:\/\/abufarhamedical.com\/services\/#breadcrumb"},"inLanguage":"fr-FR","potentialAction":[{"@type":"ReadAction","target":["https:\/\/abufarhamedical.com\/services\/"]}]},{"@type":"ImageObject","inLanguage":"fr-FR","@id":"https:\/\/abufarhamedical.com\/services\/#primaryimage","url":"https:\/\/abufarhamedical.com\/wp-content\/uploads\/2024\/12\/medical-equipment-1.png","contentUrl":"https:\/\/abufarhamedical.com\/wp-content\/uploads\/2024\/12\/medical-equipment-1.png"},{"@type":"BreadcrumbList","@id":"https:\/\/abufarhamedical.com\/services\/#breadcrumb","itemListElement":[{"@type":"ListItem","position":1,"name":"Home","item":"https:\/\/abufarhamedical.com\/"},{"@type":"ListItem","position":2,"name":"Services"}]},{"@type":"WebSite","@id":"https:\/\/abufarhamedical.com\/#website","url":"https:\/\/abufarhamedical.com\/","name":"AbuFarha Medical","description":"Mat\u00e9riel m\u00e9dical remis \u00e0 neuf et d'occasion","publisher":{"@id":"https:\/\/abufarhamedical.com\/#organization"},"potentialAction":[{"@type":"SearchAction","target":{"@type":"EntryPoint","urlTemplate":"https:\/\/abufarhamedical.com\/?s={search_term_string}"},"query-input":{"@type":"PropertyValueSpecification","valueRequired":true,"valueName":"search_term_string"}}],"inLanguage":"fr-FR"},{"@type":"Organization","@id":"https:\/\/abufarhamedical.com\/#organization","name":"AbuFarha Medical","url":"https:\/\/abufarhamedical.com\/","logo":{"@type":"ImageObject","inLanguage":"fr-FR","@id":"https:\/\/abufarhamedical.com\/#\/schema\/logo\/image\/","url":"https:\/\/abufarhamedical.com\/wp-content\/uploads\/2024\/12\/abufarha-medical.webp","contentUrl":"https:\/\/abufarhamedical.com\/wp-content\/uploads\/2024\/12\/abufarha-medical.webp","width":858,"height":498,"caption":"AbuFarha Medical"},"image":{"@id":"https:\/\/abufarhamedical.com\/#\/schema\/logo\/image\/"}}]}},"_links":{"self":[{"href":"https:\/\/abufarhamedical.com\/fr\/wp-json\/wp\/v2\/pages\/16969","targetHints":{"allow":["GET"]}}],"collection":[{"href":"https:\/\/abufarhamedical.com\/fr\/wp-json\/wp\/v2\/pages"}],"about":[{"href":"https:\/\/abufarhamedical.com\/fr\/wp-json\/wp\/v2\/types\/page"}],"author":[{"embeddable":true,"href":"https:\/\/abufarhamedical.com\/fr\/wp-json\/wp\/v2\/users\/1"}],"replies":[{"embeddable":true,"href":"https:\/\/abufarhamedical.com\/fr\/wp-json\/wp\/v2\/comments?post=16969"}],"version-history":[{"count":28,"href":"https:\/\/abufarhamedical.com\/fr\/wp-json\/wp\/v2\/pages\/16969\/revisions"}],"predecessor-version":[{"id":17282,"href":"https:\/\/abufarhamedical.com\/fr\/wp-json\/wp\/v2\/pages\/16969\/revisions\/17282"}],"wp:attachment":[{"href":"https:\/\/abufarhamedical.com\/fr\/wp-json\/wp\/v2\/media?parent=16969"}],"curies":[{"name":"wp","href":"https:\/\/api.w.org\/{rel}","templated":true}]}}