{"id":17069,"date":"2025-01-03T12:16:07","date_gmt":"2025-01-03T12:16:07","guid":{"rendered":"https:\/\/abufarhamedical.com\/?post_type=product&#038;p=17069"},"modified":"2025-01-06T12:42:32","modified_gmt":"2025-01-06T12:42:32","slug":"cieling-philips-allura-xper-fd10","status":"publish","type":"product","link":"https:\/\/abufarhamedical.com\/fr\/produit\/cieling-philips-allura-xper-fd10\/","title":{"rendered":"Philips Allura Xper FD10"},"content":{"rendered":"<p><strong>Laboratoire de cath\u00e9t\u00e9risme : Philips Allura Xper FD10<\/strong><br \/>\nCATHLAB FD 10 FABRIQU\u00c9 EN OCTOBRE 2010 ,<strong> INSTALL\u00c9 EN JUIN 2011<\/strong><br \/>\nNOUVEAU TUBE REMPLAC\u00c9 EN DEC 2019<br \/>\nOEM MAINTENU EN EXCELLENT \u00c9TAT<br \/>\nPlan frontal et lat\u00e9ral de haute qualit\u00e9 Qualit\u00e9 de l'image<br \/>\nEnsembles p\u00e9diatriques et EP d\u00e9di\u00e9s<br \/>\nParam\u00e8tres personnalisables pour un positionnement complexe<br \/>\nDoseWise offre une faible dose de rayons X et une excellente qualit\u00e9 d'image<br \/>\nOutils tridimensionnels<br \/>\nSyst\u00e8me de radiographie cardiovasculaire biplan \u00e0 faible dose<br \/>\nUne qualit\u00e9 de diagnostic multipli\u00e9e par deux avec un seul contraste<br \/>\ninjection (p\u00e9diatrie)<br \/>\nSyst\u00e8me de d\u00e9tection \u00e0 \u00e9cran plat<br \/>\nXper - personnaliser les param\u00e8tres des rayons X<br \/>\nPositionnement automatique<\/p>\n<p>D\u00e9tails du logiciel<br \/>\nVersion : Allura xper 8.1 .17.2<br \/>\nQuantification ventriculaire ,cornonray<br \/>\nquantification, quantification vasculaire ,<br \/>\nLogiciel de base Xcelara R3.1<\/p>","protected":false},"excerpt":{"rendered":"<p>Laboratoire de cath\u00e9t\u00e9risme : Philips Allura Xper FD10 CATHLAB FD 10 FABRIQU\u00c9 EN OCTOBRE 2010 , INSTALLE EN JUIN 2011 NOUVEAU TUBE REMPLAC\u00c9 EN<\/p>","protected":false},"featured_media":17070,"comment_status":"open","ping_status":"closed","template":"","meta":[],"product_brand":[],"product_cat":[81],"product_tag":[],"class_list":{"0":"post-17069","1":"product","2":"type-product","3":"status-publish","4":"has-post-thumbnail","6":"product_cat-cath-angio-labs","8":"first","9":"instock","10":"shipping-taxable","11":"product-type-simple"},"yoast_head":"<!-- This site is optimized with the Yoast SEO Premium plugin v24.0 (Yoast SEO v25.8) - https:\/\/yoast.com\/wordpress\/plugins\/seo\/ -->\n<title>Philips Allura Xper FD10 - AbuFarha Medical<\/title>\n<meta name=\"description\" content=\"Philips Allura Xper FD10, Philips Cath lab, Philips FD10 Angio Cath lab, Floor Philips Cath lab Allura Xper FD10, Used and Refurbished Philips Cath lab\" \/>\n<meta name=\"robots\" content=\"index, follow, max-snippet:-1, max-image-preview:large, max-video-preview:-1\" \/>\n<link rel=\"canonical\" href=\"https:\/\/abufarhamedical.com\/fr\/produit\/cieling-philips-allura-xper-fd10\/\" \/>\n<meta property=\"og:locale\" content=\"fr_FR\" \/>\n<meta property=\"og:type\" content=\"article\" \/>\n<meta property=\"og:title\" content=\"Philips Allura Xper FD10\" \/>\n<meta property=\"og:description\" content=\"Philips Allura Xper FD10, Philips Cath lab, Philips FD10 Angio Cath lab, Floor Philips Cath lab Allura Xper FD10, Used and Refurbished Philips Cath lab\" \/>\n<meta property=\"og:url\" content=\"https:\/\/abufarhamedical.com\/fr\/produit\/cieling-philips-allura-xper-fd10\/\" \/>\n<meta property=\"og:site_name\" content=\"AbuFarha Medical\" \/>\n<meta property=\"article:modified_time\" content=\"2025-01-06T12:42:32+00:00\" \/>\n<meta property=\"og:image\" content=\"https:\/\/abufarhamedical.com\/wp-content\/uploads\/2025\/01\/IMG-20221109-WA0062.jpg\" \/>\n\t<meta property=\"og:image:width\" content=\"768\" \/>\n\t<meta property=\"og:image:height\" content=\"1024\" \/>\n\t<meta property=\"og:image:type\" content=\"image\/jpeg\" \/>\n<meta name=\"twitter:card\" content=\"summary_large_image\" \/>\n<meta name=\"twitter:label1\" content=\"Dur\u00e9e de lecture estim\u00e9e\" \/>\n\t<meta name=\"twitter:data1\" content=\"1 minute\" \/>\n<script type=\"application\/ld+json\" class=\"yoast-schema-graph\">{\"@context\":\"https:\/\/schema.org\",\"@graph\":[{\"@type\":\"WebPage\",\"@id\":\"https:\/\/abufarhamedical.com\/en\/product\/cieling-philips-allura-xper-fd10\/\",\"url\":\"https:\/\/abufarhamedical.com\/en\/product\/cieling-philips-allura-xper-fd10\/\",\"name\":\"Philips Allura Xper FD10 - AbuFarha Medical\",\"isPartOf\":{\"@id\":\"https:\/\/abufarhamedical.com\/#website\"},\"primaryImageOfPage\":{\"@id\":\"https:\/\/abufarhamedical.com\/en\/product\/cieling-philips-allura-xper-fd10\/#primaryimage\"},\"image\":{\"@id\":\"https:\/\/abufarhamedical.com\/en\/product\/cieling-philips-allura-xper-fd10\/#primaryimage\"},\"thumbnailUrl\":\"https:\/\/abufarhamedical.com\/wp-content\/uploads\/2025\/01\/IMG-20221109-WA0062.jpg\",\"datePublished\":\"2025-01-03T12:16:07+00:00\",\"dateModified\":\"2025-01-06T12:42:32+00:00\",\"description\":\"Philips Allura Xper FD10, Philips Cath lab, Philips FD10 Angio Cath lab, Floor Philips Cath lab Allura Xper FD10, Used and Refurbished Philips Cath lab\",\"breadcrumb\":{\"@id\":\"https:\/\/abufarhamedical.com\/en\/product\/cieling-philips-allura-xper-fd10\/#breadcrumb\"},\"inLanguage\":\"fr-FR\",\"potentialAction\":[{\"@type\":\"ReadAction\",\"target\":[\"https:\/\/abufarhamedical.com\/en\/product\/cieling-philips-allura-xper-fd10\/\"]}]},{\"@type\":\"ImageObject\",\"inLanguage\":\"fr-FR\",\"@id\":\"https:\/\/abufarhamedical.com\/en\/product\/cieling-philips-allura-xper-fd10\/#primaryimage\",\"url\":\"https:\/\/abufarhamedical.com\/wp-content\/uploads\/2025\/01\/IMG-20221109-WA0062.jpg\",\"contentUrl\":\"https:\/\/abufarhamedical.com\/wp-content\/uploads\/2025\/01\/IMG-20221109-WA0062.jpg\",\"width\":768,\"height\":1024},{\"@type\":\"BreadcrumbList\",\"@id\":\"https:\/\/abufarhamedical.com\/en\/product\/cieling-philips-allura-xper-fd10\/#breadcrumb\",\"itemListElement\":[{\"@type\":\"ListItem\",\"position\":1,\"name\":\"Home\",\"item\":\"https:\/\/abufarhamedical.com\/\"},{\"@type\":\"ListItem\",\"position\":2,\"name\":\"Shop\",\"item\":\"https:\/\/abufarhamedical.com\/shop\/\"},{\"@type\":\"ListItem\",\"position\":3,\"name\":\"Philips Allura Xper FD10\"}]},{\"@type\":\"WebSite\",\"@id\":\"https:\/\/abufarhamedical.com\/#website\",\"url\":\"https:\/\/abufarhamedical.com\/\",\"name\":\"AbuFarha Medical\",\"description\":\"Refurbished and Used Medical Equipment\",\"publisher\":{\"@id\":\"https:\/\/abufarhamedical.com\/#organization\"},\"potentialAction\":[{\"@type\":\"SearchAction\",\"target\":{\"@type\":\"EntryPoint\",\"urlTemplate\":\"https:\/\/abufarhamedical.com\/?s={search_term_string}\"},\"query-input\":{\"@type\":\"PropertyValueSpecification\",\"valueRequired\":true,\"valueName\":\"search_term_string\"}}],\"inLanguage\":\"fr-FR\"},{\"@type\":\"Organization\",\"@id\":\"https:\/\/abufarhamedical.com\/#organization\",\"name\":\"AbuFarha Medical\",\"url\":\"https:\/\/abufarhamedical.com\/\",\"logo\":{\"@type\":\"ImageObject\",\"inLanguage\":\"fr-FR\",\"@id\":\"https:\/\/abufarhamedical.com\/#\/schema\/logo\/image\/\",\"url\":\"https:\/\/abufarhamedical.com\/wp-content\/uploads\/2024\/12\/abufarha-medical.webp\",\"contentUrl\":\"https:\/\/abufarhamedical.com\/wp-content\/uploads\/2024\/12\/abufarha-medical.webp\",\"width\":858,\"height\":498,\"caption\":\"AbuFarha Medical\"},\"image\":{\"@id\":\"https:\/\/abufarhamedical.com\/#\/schema\/logo\/image\/\"}}]}<\/script>\n<!-- \/ Yoast SEO Premium plugin. -->","yoast_head_json":{"title":"Philips Allura Xper FD10 - AbuFarha Medical","description":"Philips Allura Xper FD10, Philips Cath lab, Philips FD10 Angio Cath lab, Floor Philips Cath lab Allura Xper FD10, Used and Refurbished Philips Cath lab","robots":{"index":"index","follow":"follow","max-snippet":"max-snippet:-1","max-image-preview":"max-image-preview:large","max-video-preview":"max-video-preview:-1"},"canonical":"https:\/\/abufarhamedical.com\/fr\/produit\/cieling-philips-allura-xper-fd10\/","og_locale":"fr_FR","og_type":"article","og_title":"Philips Allura Xper FD10","og_description":"Philips Allura Xper FD10, Philips Cath lab, Philips FD10 Angio Cath lab, Floor Philips Cath lab Allura Xper FD10, Used and Refurbished Philips Cath lab","og_url":"https:\/\/abufarhamedical.com\/fr\/produit\/cieling-philips-allura-xper-fd10\/","og_site_name":"AbuFarha Medical","article_modified_time":"2025-01-06T12:42:32+00:00","og_image":[{"width":768,"height":1024,"url":"https:\/\/abufarhamedical.com\/wp-content\/uploads\/2025\/01\/IMG-20221109-WA0062.jpg","type":"image\/jpeg"}],"twitter_card":"summary_large_image","twitter_misc":{"Dur\u00e9e de lecture estim\u00e9e":"1 minute"},"schema":{"@context":"https:\/\/schema.org","@graph":[{"@type":"WebPage","@id":"https:\/\/abufarhamedical.com\/en\/product\/cieling-philips-allura-xper-fd10\/","url":"https:\/\/abufarhamedical.com\/en\/product\/cieling-philips-allura-xper-fd10\/","name":"Philips Allura Xper FD10 - AbuFarha Medical","isPartOf":{"@id":"https:\/\/abufarhamedical.com\/#website"},"primaryImageOfPage":{"@id":"https:\/\/abufarhamedical.com\/en\/product\/cieling-philips-allura-xper-fd10\/#primaryimage"},"image":{"@id":"https:\/\/abufarhamedical.com\/en\/product\/cieling-philips-allura-xper-fd10\/#primaryimage"},"thumbnailUrl":"https:\/\/abufarhamedical.com\/wp-content\/uploads\/2025\/01\/IMG-20221109-WA0062.jpg","datePublished":"2025-01-03T12:16:07+00:00","dateModified":"2025-01-06T12:42:32+00:00","description":"Philips Allura Xper FD10, Philips Cath lab, Philips FD10 Angio Cath lab, Floor Philips Cath lab Allura Xper FD10, Used and Refurbished Philips Cath lab","breadcrumb":{"@id":"https:\/\/abufarhamedical.com\/en\/product\/cieling-philips-allura-xper-fd10\/#breadcrumb"},"inLanguage":"fr-FR","potentialAction":[{"@type":"ReadAction","target":["https:\/\/abufarhamedical.com\/en\/product\/cieling-philips-allura-xper-fd10\/"]}]},{"@type":"ImageObject","inLanguage":"fr-FR","@id":"https:\/\/abufarhamedical.com\/en\/product\/cieling-philips-allura-xper-fd10\/#primaryimage","url":"https:\/\/abufarhamedical.com\/wp-content\/uploads\/2025\/01\/IMG-20221109-WA0062.jpg","contentUrl":"https:\/\/abufarhamedical.com\/wp-content\/uploads\/2025\/01\/IMG-20221109-WA0062.jpg","width":768,"height":1024},{"@type":"BreadcrumbList","@id":"https:\/\/abufarhamedical.com\/en\/product\/cieling-philips-allura-xper-fd10\/#breadcrumb","itemListElement":[{"@type":"ListItem","position":1,"name":"Home","item":"https:\/\/abufarhamedical.com\/"},{"@type":"ListItem","position":2,"name":"Shop","item":"https:\/\/abufarhamedical.com\/shop\/"},{"@type":"ListItem","position":3,"name":"Philips Allura Xper FD10"}]},{"@type":"WebSite","@id":"https:\/\/abufarhamedical.com\/#website","url":"https:\/\/abufarhamedical.com\/","name":"AbuFarha Medical","description":"Mat\u00e9riel m\u00e9dical remis \u00e0 neuf et d'occasion","publisher":{"@id":"https:\/\/abufarhamedical.com\/#organization"},"potentialAction":[{"@type":"SearchAction","target":{"@type":"EntryPoint","urlTemplate":"https:\/\/abufarhamedical.com\/?s={search_term_string}"},"query-input":{"@type":"PropertyValueSpecification","valueRequired":true,"valueName":"search_term_string"}}],"inLanguage":"fr-FR"},{"@type":"Organization","@id":"https:\/\/abufarhamedical.com\/#organization","name":"AbuFarha Medical","url":"https:\/\/abufarhamedical.com\/","logo":{"@type":"ImageObject","inLanguage":"fr-FR","@id":"https:\/\/abufarhamedical.com\/#\/schema\/logo\/image\/","url":"https:\/\/abufarhamedical.com\/wp-content\/uploads\/2024\/12\/abufarha-medical.webp","contentUrl":"https:\/\/abufarhamedical.com\/wp-content\/uploads\/2024\/12\/abufarha-medical.webp","width":858,"height":498,"caption":"AbuFarha Medical"},"image":{"@id":"https:\/\/abufarhamedical.com\/#\/schema\/logo\/image\/"}}]}},"_links":{"self":[{"href":"https:\/\/abufarhamedical.com\/fr\/wp-json\/wp\/v2\/product\/17069","targetHints":{"allow":["GET"]}}],"collection":[{"href":"https:\/\/abufarhamedical.com\/fr\/wp-json\/wp\/v2\/product"}],"about":[{"href":"https:\/\/abufarhamedical.com\/fr\/wp-json\/wp\/v2\/types\/product"}],"replies":[{"embeddable":true,"href":"https:\/\/abufarhamedical.com\/fr\/wp-json\/wp\/v2\/comments?post=17069"}],"version-history":[{"count":2,"href":"https:\/\/abufarhamedical.com\/fr\/wp-json\/wp\/v2\/product\/17069\/revisions"}],"predecessor-version":[{"id":17182,"href":"https:\/\/abufarhamedical.com\/fr\/wp-json\/wp\/v2\/product\/17069\/revisions\/17182"}],"wp:featuredmedia":[{"embeddable":true,"href":"https:\/\/abufarhamedical.com\/fr\/wp-json\/wp\/v2\/media\/17070"}],"wp:attachment":[{"href":"https:\/\/abufarhamedical.com\/fr\/wp-json\/wp\/v2\/media?parent=17069"}],"wp:term":[{"taxonomy":"product_brand","embeddable":true,"href":"https:\/\/abufarhamedical.com\/fr\/wp-json\/wp\/v2\/product_brand?post=17069"},{"taxonomy":"product_cat","embeddable":true,"href":"https:\/\/abufarhamedical.com\/fr\/wp-json\/wp\/v2\/product_cat?post=17069"},{"taxonomy":"product_tag","embeddable":true,"href":"https:\/\/abufarhamedical.com\/fr\/wp-json\/wp\/v2\/product_tag?post=17069"}],"curies":[{"name":"wp","href":"https:\/\/api.w.org\/{rel}","templated":true}]}}