{"id":17140,"date":"2025-01-03T13:04:07","date_gmt":"2025-01-03T13:04:07","guid":{"rendered":"https:\/\/abufarhamedical.com\/?post_type=product&#038;p=17140"},"modified":"2025-01-06T12:42:29","modified_gmt":"2025-01-06T12:42:29","slug":"ge-bone-densitometer-lunar-prodigy","status":"publish","type":"product","link":"https:\/\/abufarhamedical.com\/fr\/produit\/ge-bone-densitometer-lunar-prodigy\/","title":{"rendered":"Densitom\u00e8tre osseux GE Lunar Prodigy"},"content":{"rendered":"<p>Densitom\u00e8tre osseux<\/p>\n<p>Marque : GE<br \/>\nMod\u00e8le : Lunar Prodigy<br \/>\nYOM : 2003<\/p>\n<p>Syst\u00e8me complet<br \/>\nExcellentes conditions de travail<\/p>\n<p>Pr\u00eat \u00e0 \u00eatre exp\u00e9di\u00e9<\/p>","protected":false},"excerpt":{"rendered":"<p>Densitom\u00e8tre osseux Marque : GE Mod\u00e8le : Lunar Prodigy YOM : 2003 Syst\u00e8me complet Excellentes conditions de travail Pr\u00eat \u00e0 exp\u00e9dier<\/p>","protected":false},"featured_media":17141,"comment_status":"open","ping_status":"closed","template":"","meta":[],"product_brand":[],"product_cat":[85],"product_tag":[],"class_list":{"0":"post-17140","1":"product","2":"type-product","3":"status-publish","4":"has-post-thumbnail","6":"product_cat-bone-densitometers-dexa","8":"first","9":"onbackorder","10":"shipping-taxable","11":"product-type-simple"},"yoast_head":"<!-- This site is optimized with the Yoast SEO Premium plugin v24.0 (Yoast SEO v25.8) - https:\/\/yoast.com\/wordpress\/plugins\/seo\/ -->\n<title>GE Bone Densitometer Lunar Prodigy - AbuFarha Medical<\/title>\n<meta name=\"description\" content=\"DEXA GE Lunar Prodigy Bone Densitometer: advanced, reliable, and precise DXA technology for accurate bone density measurements and osteoporosis assessment.\" \/>\n<meta name=\"robots\" content=\"index, follow, max-snippet:-1, max-image-preview:large, max-video-preview:-1\" \/>\n<link rel=\"canonical\" href=\"https:\/\/abufarhamedical.com\/fr\/produit\/ge-bone-densitometer-lunar-prodigy\/\" \/>\n<meta property=\"og:locale\" content=\"fr_FR\" \/>\n<meta property=\"og:type\" content=\"article\" \/>\n<meta property=\"og:title\" content=\"GE Bone Densitometer Lunar Prodigy\" \/>\n<meta property=\"og:description\" content=\"DEXA GE Lunar Prodigy Bone Densitometer: advanced, reliable, and precise DXA technology for accurate bone density measurements and osteoporosis assessment.\" \/>\n<meta property=\"og:url\" content=\"https:\/\/abufarhamedical.com\/fr\/produit\/ge-bone-densitometer-lunar-prodigy\/\" \/>\n<meta property=\"og:site_name\" content=\"AbuFarha Medical\" \/>\n<meta property=\"article:modified_time\" content=\"2025-01-06T12:42:29+00:00\" \/>\n<meta property=\"og:image\" content=\"https:\/\/abufarhamedical.com\/wp-content\/uploads\/2025\/01\/ezgif-5-c5c71af79a.jpg\" \/>\n\t<meta property=\"og:image:width\" content=\"828\" \/>\n\t<meta property=\"og:image:height\" content=\"1472\" \/>\n\t<meta property=\"og:image:type\" content=\"image\/jpeg\" \/>\n<meta name=\"twitter:card\" content=\"summary_large_image\" \/>\n<meta name=\"twitter:label1\" content=\"Dur\u00e9e de lecture estim\u00e9e\" \/>\n\t<meta name=\"twitter:data1\" content=\"1 minute\" \/>\n<script type=\"application\/ld+json\" class=\"yoast-schema-graph\">{\"@context\":\"https:\/\/schema.org\",\"@graph\":[{\"@type\":\"WebPage\",\"@id\":\"https:\/\/abufarhamedical.com\/en\/product\/ge-bone-densitometer-lunar-prodigy\/\",\"url\":\"https:\/\/abufarhamedical.com\/en\/product\/ge-bone-densitometer-lunar-prodigy\/\",\"name\":\"GE Bone Densitometer Lunar Prodigy - AbuFarha Medical\",\"isPartOf\":{\"@id\":\"https:\/\/abufarhamedical.com\/#website\"},\"primaryImageOfPage\":{\"@id\":\"https:\/\/abufarhamedical.com\/en\/product\/ge-bone-densitometer-lunar-prodigy\/#primaryimage\"},\"image\":{\"@id\":\"https:\/\/abufarhamedical.com\/en\/product\/ge-bone-densitometer-lunar-prodigy\/#primaryimage\"},\"thumbnailUrl\":\"https:\/\/abufarhamedical.com\/wp-content\/uploads\/2025\/01\/ezgif-5-c5c71af79a.jpg\",\"datePublished\":\"2025-01-03T13:04:07+00:00\",\"dateModified\":\"2025-01-06T12:42:29+00:00\",\"description\":\"DEXA GE Lunar Prodigy Bone Densitometer: advanced, reliable, and precise DXA technology for accurate bone density measurements and osteoporosis assessment.\",\"breadcrumb\":{\"@id\":\"https:\/\/abufarhamedical.com\/en\/product\/ge-bone-densitometer-lunar-prodigy\/#breadcrumb\"},\"inLanguage\":\"fr-FR\",\"potentialAction\":[{\"@type\":\"ReadAction\",\"target\":[\"https:\/\/abufarhamedical.com\/en\/product\/ge-bone-densitometer-lunar-prodigy\/\"]}]},{\"@type\":\"ImageObject\",\"inLanguage\":\"fr-FR\",\"@id\":\"https:\/\/abufarhamedical.com\/en\/product\/ge-bone-densitometer-lunar-prodigy\/#primaryimage\",\"url\":\"https:\/\/abufarhamedical.com\/wp-content\/uploads\/2025\/01\/ezgif-5-c5c71af79a.jpg\",\"contentUrl\":\"https:\/\/abufarhamedical.com\/wp-content\/uploads\/2025\/01\/ezgif-5-c5c71af79a.jpg\",\"width\":828,\"height\":1472},{\"@type\":\"BreadcrumbList\",\"@id\":\"https:\/\/abufarhamedical.com\/en\/product\/ge-bone-densitometer-lunar-prodigy\/#breadcrumb\",\"itemListElement\":[{\"@type\":\"ListItem\",\"position\":1,\"name\":\"Home\",\"item\":\"https:\/\/abufarhamedical.com\/\"},{\"@type\":\"ListItem\",\"position\":2,\"name\":\"Shop\",\"item\":\"https:\/\/abufarhamedical.com\/shop\/\"},{\"@type\":\"ListItem\",\"position\":3,\"name\":\"GE Bone Densitometer Lunar Prodigy\"}]},{\"@type\":\"WebSite\",\"@id\":\"https:\/\/abufarhamedical.com\/#website\",\"url\":\"https:\/\/abufarhamedical.com\/\",\"name\":\"AbuFarha Medical\",\"description\":\"Refurbished and Used Medical Equipment\",\"publisher\":{\"@id\":\"https:\/\/abufarhamedical.com\/#organization\"},\"potentialAction\":[{\"@type\":\"SearchAction\",\"target\":{\"@type\":\"EntryPoint\",\"urlTemplate\":\"https:\/\/abufarhamedical.com\/?s={search_term_string}\"},\"query-input\":{\"@type\":\"PropertyValueSpecification\",\"valueRequired\":true,\"valueName\":\"search_term_string\"}}],\"inLanguage\":\"fr-FR\"},{\"@type\":\"Organization\",\"@id\":\"https:\/\/abufarhamedical.com\/#organization\",\"name\":\"AbuFarha Medical\",\"url\":\"https:\/\/abufarhamedical.com\/\",\"logo\":{\"@type\":\"ImageObject\",\"inLanguage\":\"fr-FR\",\"@id\":\"https:\/\/abufarhamedical.com\/#\/schema\/logo\/image\/\",\"url\":\"https:\/\/abufarhamedical.com\/wp-content\/uploads\/2024\/12\/abufarha-medical.webp\",\"contentUrl\":\"https:\/\/abufarhamedical.com\/wp-content\/uploads\/2024\/12\/abufarha-medical.webp\",\"width\":858,\"height\":498,\"caption\":\"AbuFarha Medical\"},\"image\":{\"@id\":\"https:\/\/abufarhamedical.com\/#\/schema\/logo\/image\/\"}}]}<\/script>\n<!-- \/ Yoast SEO Premium plugin. -->","yoast_head_json":{"title":"GE Bone Densitometer Lunar Prodigy - AbuFarha Medical","description":"DEXA GE Lunar Prodigy Bone Densitometer: advanced, reliable, and precise DXA technology for accurate bone density measurements and osteoporosis assessment.","robots":{"index":"index","follow":"follow","max-snippet":"max-snippet:-1","max-image-preview":"max-image-preview:large","max-video-preview":"max-video-preview:-1"},"canonical":"https:\/\/abufarhamedical.com\/fr\/produit\/ge-bone-densitometer-lunar-prodigy\/","og_locale":"fr_FR","og_type":"article","og_title":"GE Bone Densitometer Lunar Prodigy","og_description":"DEXA GE Lunar Prodigy Bone Densitometer: advanced, reliable, and precise DXA technology for accurate bone density measurements and osteoporosis assessment.","og_url":"https:\/\/abufarhamedical.com\/fr\/produit\/ge-bone-densitometer-lunar-prodigy\/","og_site_name":"AbuFarha Medical","article_modified_time":"2025-01-06T12:42:29+00:00","og_image":[{"width":828,"height":1472,"url":"https:\/\/abufarhamedical.com\/wp-content\/uploads\/2025\/01\/ezgif-5-c5c71af79a.jpg","type":"image\/jpeg"}],"twitter_card":"summary_large_image","twitter_misc":{"Dur\u00e9e de lecture estim\u00e9e":"1 minute"},"schema":{"@context":"https:\/\/schema.org","@graph":[{"@type":"WebPage","@id":"https:\/\/abufarhamedical.com\/en\/product\/ge-bone-densitometer-lunar-prodigy\/","url":"https:\/\/abufarhamedical.com\/en\/product\/ge-bone-densitometer-lunar-prodigy\/","name":"GE Bone Densitometer Lunar Prodigy - AbuFarha Medical","isPartOf":{"@id":"https:\/\/abufarhamedical.com\/#website"},"primaryImageOfPage":{"@id":"https:\/\/abufarhamedical.com\/en\/product\/ge-bone-densitometer-lunar-prodigy\/#primaryimage"},"image":{"@id":"https:\/\/abufarhamedical.com\/en\/product\/ge-bone-densitometer-lunar-prodigy\/#primaryimage"},"thumbnailUrl":"https:\/\/abufarhamedical.com\/wp-content\/uploads\/2025\/01\/ezgif-5-c5c71af79a.jpg","datePublished":"2025-01-03T13:04:07+00:00","dateModified":"2025-01-06T12:42:29+00:00","description":"DEXA GE Lunar Prodigy Bone Densitometer: advanced, reliable, and precise DXA technology for accurate bone density measurements and osteoporosis assessment.","breadcrumb":{"@id":"https:\/\/abufarhamedical.com\/en\/product\/ge-bone-densitometer-lunar-prodigy\/#breadcrumb"},"inLanguage":"fr-FR","potentialAction":[{"@type":"ReadAction","target":["https:\/\/abufarhamedical.com\/en\/product\/ge-bone-densitometer-lunar-prodigy\/"]}]},{"@type":"ImageObject","inLanguage":"fr-FR","@id":"https:\/\/abufarhamedical.com\/en\/product\/ge-bone-densitometer-lunar-prodigy\/#primaryimage","url":"https:\/\/abufarhamedical.com\/wp-content\/uploads\/2025\/01\/ezgif-5-c5c71af79a.jpg","contentUrl":"https:\/\/abufarhamedical.com\/wp-content\/uploads\/2025\/01\/ezgif-5-c5c71af79a.jpg","width":828,"height":1472},{"@type":"BreadcrumbList","@id":"https:\/\/abufarhamedical.com\/en\/product\/ge-bone-densitometer-lunar-prodigy\/#breadcrumb","itemListElement":[{"@type":"ListItem","position":1,"name":"Home","item":"https:\/\/abufarhamedical.com\/"},{"@type":"ListItem","position":2,"name":"Shop","item":"https:\/\/abufarhamedical.com\/shop\/"},{"@type":"ListItem","position":3,"name":"GE Bone Densitometer Lunar Prodigy"}]},{"@type":"WebSite","@id":"https:\/\/abufarhamedical.com\/#website","url":"https:\/\/abufarhamedical.com\/","name":"AbuFarha Medical","description":"Mat\u00e9riel m\u00e9dical remis \u00e0 neuf et d'occasion","publisher":{"@id":"https:\/\/abufarhamedical.com\/#organization"},"potentialAction":[{"@type":"SearchAction","target":{"@type":"EntryPoint","urlTemplate":"https:\/\/abufarhamedical.com\/?s={search_term_string}"},"query-input":{"@type":"PropertyValueSpecification","valueRequired":true,"valueName":"search_term_string"}}],"inLanguage":"fr-FR"},{"@type":"Organization","@id":"https:\/\/abufarhamedical.com\/#organization","name":"AbuFarha Medical","url":"https:\/\/abufarhamedical.com\/","logo":{"@type":"ImageObject","inLanguage":"fr-FR","@id":"https:\/\/abufarhamedical.com\/#\/schema\/logo\/image\/","url":"https:\/\/abufarhamedical.com\/wp-content\/uploads\/2024\/12\/abufarha-medical.webp","contentUrl":"https:\/\/abufarhamedical.com\/wp-content\/uploads\/2024\/12\/abufarha-medical.webp","width":858,"height":498,"caption":"AbuFarha Medical"},"image":{"@id":"https:\/\/abufarhamedical.com\/#\/schema\/logo\/image\/"}}]}},"_links":{"self":[{"href":"https:\/\/abufarhamedical.com\/fr\/wp-json\/wp\/v2\/product\/17140","targetHints":{"allow":["GET"]}}],"collection":[{"href":"https:\/\/abufarhamedical.com\/fr\/wp-json\/wp\/v2\/product"}],"about":[{"href":"https:\/\/abufarhamedical.com\/fr\/wp-json\/wp\/v2\/types\/product"}],"replies":[{"embeddable":true,"href":"https:\/\/abufarhamedical.com\/fr\/wp-json\/wp\/v2\/comments?post=17140"}],"version-history":[{"count":1,"href":"https:\/\/abufarhamedical.com\/fr\/wp-json\/wp\/v2\/product\/17140\/revisions"}],"predecessor-version":[{"id":17147,"href":"https:\/\/abufarhamedical.com\/fr\/wp-json\/wp\/v2\/product\/17140\/revisions\/17147"}],"wp:featuredmedia":[{"embeddable":true,"href":"https:\/\/abufarhamedical.com\/fr\/wp-json\/wp\/v2\/media\/17141"}],"wp:attachment":[{"href":"https:\/\/abufarhamedical.com\/fr\/wp-json\/wp\/v2\/media?parent=17140"}],"wp:term":[{"taxonomy":"product_brand","embeddable":true,"href":"https:\/\/abufarhamedical.com\/fr\/wp-json\/wp\/v2\/product_brand?post=17140"},{"taxonomy":"product_cat","embeddable":true,"href":"https:\/\/abufarhamedical.com\/fr\/wp-json\/wp\/v2\/product_cat?post=17140"},{"taxonomy":"product_tag","embeddable":true,"href":"https:\/\/abufarhamedical.com\/fr\/wp-json\/wp\/v2\/product_tag?post=17140"}],"curies":[{"name":"wp","href":"https:\/\/api.w.org\/{rel}","templated":true}]}}